{"id":28,"date":"2017-07-24T17:17:09","date_gmt":"2017-07-24T21:17:09","guid":{"rendered":"https:\/\/elementary.sd42.ca\/ericlangton\/?page_id=28"},"modified":"2024-08-21T08:37:59","modified_gmt":"2024-08-21T15:37:59","slug":"welcome","status":"publish","type":"page","link":"https:\/\/elementary.sd42.ca\/ericlangton\/welcome\/","title":{"rendered":"Welcome"},"content":{"rendered":"<p><strong>Principal&#8217;s Message<\/strong><\/p>\n<p>Welcome to Eric Langton\u2019s website! Our school has a long history of providing an excellent educational experience for students. We pride ourselves on being a very caring and supportive school community!<\/p>\n<p>As a dual track school Eric Langton provides a wide range of educational activities for students in both English and French from kindergarten to grade seven. We believe that all children, regardless of ability, should experience success and a sense of belonging. We value every student\u2019s contribution and work hard to ensure that all students have every opportunity to succeed. We challenge students to be the best they can be both academically and socially. Our school believes that \u201ccaring makes a difference\u201d and we strive to live by this every day.<\/p>\n<p>Through out our school there are a number of exciting initiatives including the use Smart Board technology, class web pages, and laptops. Many of these positive programs are supported in some manner by our highly committed parent group who work hard to be true educational partners.<\/p>\n<p>We are confident that you will also find Eric Langton a terrific place for your child to laugh and learn!<\/p>\n<p><strong>Mrs. Kyla Cameron, Principal<br \/>\n<\/strong><strong>Mrs. Meghan Murden, <\/strong><strong>Vice Principal<\/strong><\/p>\n<p>&nbsp;<\/p>\n<p>Bienvenue au site web de l\u2019Ecole Eric Langton. Depuis de nombreuses ann\u00e9es notre \u00e9cole est fi\u00e8re d\u2019offrir un excellent programme acad\u00e9mique o\u00f9 l\u2019attention et l\u2019encouragement port\u00e9s aux \u00e9l\u00e8ves occupent une place quotidienne et essentielle.De la maternelle \u00e0 la septi\u00e8me ann\u00e9e, nos \u00e9tudiants inscrits au programme anglais ou au programme d\u2019immersion pr\u00e9coce, b\u00e9n\u00e9ficient d\u2019une large gamme d\u2019activit\u00e9s \u00e9ducatives enrichissantes. Nous croyons que chaque enfant, quelque soit ses habilet\u00e9s et besoins, peut r\u00e9ussir et la participation de chacun est fortement encourag\u00e9e. Une ambiance bienveillante facilite un sentiment d\u2019appartenance d\u00e9veloppant ainsi des habilet\u00e9s sociales.A notre \u00e9cole, nous trouvons un grand nombre d\u2019initiatives int\u00e9ressantes qui utilisent la fine pointe de la technologie: Tableaux interactifs ou &lt;&gt;, site internet de salle de classe, et l\u2019utilisation des portables r\u00e9guli\u00e8rement. Plusieurs de ces initiatives sont encourag\u00e9es et support\u00e9es par un groupe de parents enthousiastes et ardents travailleurs. Ceux-ci se d\u00e9vouent sans cesse afin d\u2019\u00eatre de v\u00e9ritables partenaires en \u00e9ducation.Eric Langton, un endroit privil\u00e9gi\u00e9, o\u00f9 votre enfant peut apprendre \u00e0 \u00e9tudier et s\u2019amuser. Soyez en certain.<\/p>\n","protected":false},"excerpt":{"rendered":"<p>Principal&#8217;s Message Welcome to Eric Langton\u2019s website! Our school has a long history of providing an excellent educational experience for students. We pride ourselves on being a very caring and [&hellip;]<\/p>\n","protected":false},"author":3,"featured_media":0,"parent":0,"menu_order":0,"comment_status":"closed","ping_status":"closed","template":"","meta":{"_genesis_hide_title":false,"_genesis_hide_breadcrumbs":false,"_genesis_hide_singular_image":false,"_genesis_hide_footer_widgets":false,"_genesis_custom_body_class":"","_genesis_custom_post_class":"","_genesis_layout":"","_price":"","_stock":"","_tribe_ticket_header":"","_tribe_default_ticket_provider":"","_ticket_start_date":"","_ticket_end_date":"","_tribe_ticket_show_description":"","_tribe_ticket_show_not_going":false,"_tribe_ticket_use_global_stock":"","_tribe_ticket_global_stock_level":"","_global_stock_mode":"","_global_stock_cap":"","_tribe_rsvp_for_event":"","_tribe_ticket_going_count":"","_tribe_ticket_not_going_count":"","_tribe_tickets_list":"[]","_tribe_ticket_has_attendee_info_fields":false,"footnotes":"","_tec_slr_enabled":"","_tec_slr_layout":""},"class_list":["post-28","page","type-page","status-publish","entry"],"ticketed":false,"_links":{"self":[{"href":"https:\/\/elementary.sd42.ca\/ericlangton\/wp-json\/wp\/v2\/pages\/28","targetHints":{"allow":["GET"]}}],"collection":[{"href":"https:\/\/elementary.sd42.ca\/ericlangton\/wp-json\/wp\/v2\/pages"}],"about":[{"href":"https:\/\/elementary.sd42.ca\/ericlangton\/wp-json\/wp\/v2\/types\/page"}],"author":[{"embeddable":true,"href":"https:\/\/elementary.sd42.ca\/ericlangton\/wp-json\/wp\/v2\/users\/3"}],"replies":[{"embeddable":true,"href":"https:\/\/elementary.sd42.ca\/ericlangton\/wp-json\/wp\/v2\/comments?post=28"}],"version-history":[{"count":7,"href":"https:\/\/elementary.sd42.ca\/ericlangton\/wp-json\/wp\/v2\/pages\/28\/revisions"}],"predecessor-version":[{"id":2004,"href":"https:\/\/elementary.sd42.ca\/ericlangton\/wp-json\/wp\/v2\/pages\/28\/revisions\/2004"}],"wp:attachment":[{"href":"https:\/\/elementary.sd42.ca\/ericlangton\/wp-json\/wp\/v2\/media?parent=28"}],"curies":[{"name":"wp","href":"https:\/\/api.w.org\/{rel}","templated":true}]}}